{"id":3650,"date":"2026-01-29T20:33:00","date_gmt":"2026-01-29T20:33:00","guid":{"rendered":"https:\/\/abbeymedlimited.com\/?page_id=3650"},"modified":"2026-01-29T20:33:59","modified_gmt":"2026-01-29T20:33:59","slug":"cookie-policy","status":"publish","type":"page","link":"https:\/\/eakinhealth.com\/de\/cookie-policy\/","title":{"rendered":"COOKIE RICHTLINIE"},"content":{"rendered":"<section data-bb-version=\"4.6.1\" id=\"bt_bb_section69ff6bdb30e5a\" class=\"bt_bb_section bt_bb_layout_boxed_1200 bt_bb_top_spacing_100 bt_bb_bottom_spacing_100\"  data-bt-override-class=\"{&quot;bt_bb_top_spacing_&quot;:{&quot;current_class&quot;:&quot;bt_bb_top_spacing_100&quot;,&quot;xxl&quot;:&quot;100&quot;},&quot;bt_bb_bottom_spacing_&quot;:{&quot;current_class&quot;:&quot;bt_bb_bottom_spacing_100&quot;,&quot;xxl&quot;:&quot;100&quot;}}\"><div class=\"bt_bb_port\"><div class=\"bt_bb_cell\"><div class=\"bt_bb_cell_inner\"><div class=\"bt_bb_row_wrapper\"><div  class=\"bt_bb_row\"  data-bt-override-class=\"{}\"><div data-bb-version=\"4.6.1\"  class=\"bt_bb_column col-xxl-12 col-xl-12 col-xs-12 col-sm-12 col-md-12 col-lg-12 bt_bb_vertical_align_top bt_bb_align_left bt_bb_padding_normal\"  data-width=\"12\" data-bt-override-class=\"{}\"><div class=\"bt_bb_column_content\"><div class=\"bt_bb_column_content_inner\"><header data-bb-version=\"4.6.1\" class=\"bt_bb_headline bt_bb_font_weight_medium bt_bb_text_transform_capitalize bt_bb_subheadline_text_transform_default bt_bb_dash_none bt_bb_size_inherit bt_bb_align_inherit\" data-bt-override-class=\"{&quot;bt_bb_size_&quot;:{&quot;current_class&quot;:&quot;bt_bb_size_inherit&quot;,&quot;xxl&quot;:&quot;inherit&quot;},&quot;bt_bb_align_&quot;:{&quot;current_class&quot;:&quot;bt_bb_align_inherit&quot;,&quot;xxl&quot;:&quot;inherit&quot;}}\"><h1 class=\"bt_bb_headline_tag\"><span class=\"bt_bb_headline_content\"><span>COOKIE RICHTLINIE<\/span><\/span><\/h1><\/header><div data-bb-version=\"4.6.1\" class=\"bt_bb_separator bt_bb_border_style_none bt_bb_border_color_none bt_bb_top_spacing_50 bt_bb_bottom_spacing_none\" data-bt-override-class=\"{&quot;bt_bb_top_spacing_&quot;:{&quot;current_class&quot;:&quot;bt_bb_top_spacing_50&quot;,&quot;xxl&quot;:&quot;50&quot;},&quot;bt_bb_bottom_spacing_&quot;:{&quot;current_class&quot;:&quot;bt_bb_bottom_spacing_none&quot;,&quot;xxl&quot;:&quot;none&quot;}}\"><\/div><div data-bb-version=\"4.6.1\"  class=\"bt_bb_text\" ><div><strong>Abbey Medical Supplies Limited<\/strong><\/div>\n<div>Letzte Aktualisierung 2. Januar 2026<\/div>\n<div>\u00a0<\/div>\n<div><strong>1. Was sind Cookies<\/strong><\/div>\n<div>\u00a0<\/div>\n<div>Cookies sind kleine Textdateien, die auf Ihrem Endger\u00e4t gespeichert werden, wenn Sie eine Website besuchen. Sie unterst\u00fctzen die ordnungsgem\u00e4\u00dfe Funktion der Website, verbessern die Benutzerfreundlichkeit und liefern Analyseinformationen.<\/div>\n<div>\u00a0<\/div>\n<div><strong>2. Verwendung von Cookies<\/strong><\/div>\n<div>\u00a0<\/div>\n<div>Wir verwenden Cookies, um:<\/div>\n<div>\u00a0<\/div>\n<div>. die ordnungsgem\u00e4\u00dfe Funktion der Website sicherzustellen<\/div>\n<div>. den Website Verkehr und die Leistung zu analysieren<\/div>\n<div>. Inhalte und Nutzererfahrung zu verbessern<\/div>\n<div>\u00a0<\/div>\n<div>Wir verwenden keine Cookies zur Erhebung sensibler personenbezogener Daten.<\/div>\n<div>\u00a0<\/div>\n<div><strong>3. Arten von Cookies, die wir verwenden<\/strong><\/div>\n<div>\u00a0<\/div>\n<div>a) Unbedingt erforderliche Cookies<\/div>\n<div>Diese Cookies sind f\u00fcr den Betrieb der Website zwingend erforderlich und k\u00f6nnen nicht deaktiviert werden. Sie werden in der Regel als Reaktion auf von Ihnen vorgenommene Aktionen gesetzt, wie etwa das Absenden von Formularen oder das Festlegen von Pr\u00e4ferenzen.<\/div>\n<div>\u00a0<\/div>\n<div>b) Analyse und Leistungs Cookies<\/div>\n<div>Diese Cookies helfen uns zu verstehen, wie Besucher die Website nutzen, z.\u202fB. welche Seiten aufgerufen werden und wie lange Besucher auf der Website verbleiben. Diese Daten werden, soweit m\u00f6glich, aggregiert und anonymisiert.<\/div>\n<div>\u00a0<\/div>\n<div>Beispiele hierf\u00fcr k\u00f6nnen sein:<\/div>\n<div>. Google Analytics oder vergleichbare Dienste<\/div>\n<div>\u00a0<\/div>\n<div><strong>4. Cookies von Drittanbietern<\/strong><\/div>\n<div>\u00a0<\/div>\n<div>Einige Cookies k\u00f6nnen von vertrauensw\u00fcrdigen Drittanbietern gesetzt werden, die uns bei der Analyse der Nutzung der Website unterst\u00fctzen. Diese Drittanbieter k\u00f6nnen Daten au\u00dferhalb des Vereinigten K\u00f6nigreichs verarbeiten, wobei geeignete Schutzma\u00dfnahmen angewendet werden.<\/div>\n<div>\u00a0<\/div>\n<div><strong>5. Einwilligung zur Verwendung von Cookies<\/strong><\/div>\n<div>\u00a0<\/div>\n<div>Beim ersten Besuch unserer Website wird Ihnen ein Cookie-Hinweis angezeigt, mit dem Ihre Einwilligung zur Verwendung nicht notwendiger Cookies eingeholt wird, entsprechend den Anforderungen der UK GDPR und der Privacy and Electronic Communications Regulations.<\/div>\n<div>\u00a0<\/div>\n<div>Sie k\u00f6nnen Ihre Einwilligung jederzeit \u00fcber die Einstellungen Ihres Browsers oder \u00fcber den Cookie-Hinweis widerrufen oder \u00e4ndern, sofern dieser implementiert ist.<\/div>\n<div>\u00a0<\/div>\n<div><strong>6. Verwaltung von Cookies<\/strong><\/div>\n<div>\u00a0<\/div>\n<div>Sie k\u00f6nnen Cookies \u00fcber die Einstellungen Ihres Browsers verwalten oder l\u00f6schen. Bitte beachten Sie, dass die Deaktivierung von Cookies die Funktionalit\u00e4t der Website beeintr\u00e4chtigen kann.<\/div>\n<div>\u00a0<\/div>\n<div><strong>7. Kontakt<\/strong><\/div>\n<div>\u00a0<\/div>\n<div>Bei Fragen zur Verwendung von Cookies wenden Sie sich bitte an:<\/div>\n<div>info@abbeymedlimited.com<\/div>\n<\/div><\/div><\/div><\/div><\/div><\/div><\/div><!-- cell_inner --><\/div><!-- cell --><\/div><!-- port --><\/section>","protected":false},"excerpt":{"rendered":"","protected":false},"author":1,"featured_media":0,"parent":0,"menu_order":0,"comment_status":"closed","ping_status":"closed","template":"","meta":{"footnotes":""},"class_list":["post-3650","page","type-page","status-publish","hentry"],"_links":{"self":[{"href":"https:\/\/eakinhealth.com\/de\/wp-json\/wp\/v2\/pages\/3650","targetHints":{"allow":["GET"]}}],"collection":[{"href":"https:\/\/eakinhealth.com\/de\/wp-json\/wp\/v2\/pages"}],"about":[{"href":"https:\/\/eakinhealth.com\/de\/wp-json\/wp\/v2\/types\/page"}],"author":[{"embeddable":true,"href":"https:\/\/eakinhealth.com\/de\/wp-json\/wp\/v2\/users\/1"}],"replies":[{"embeddable":true,"href":"https:\/\/eakinhealth.com\/de\/wp-json\/wp\/v2\/comments?post=3650"}],"version-history":[{"count":2,"href":"https:\/\/eakinhealth.com\/de\/wp-json\/wp\/v2\/pages\/3650\/revisions"}],"predecessor-version":[{"id":3652,"href":"https:\/\/eakinhealth.com\/de\/wp-json\/wp\/v2\/pages\/3650\/revisions\/3652"}],"wp:attachment":[{"href":"https:\/\/eakinhealth.com\/de\/wp-json\/wp\/v2\/media?parent=3650"}],"curies":[{"name":"wp","href":"https:\/\/api.w.org\/{rel}","templated":true}]}}